{"id":140,"date":"2024-01-17T11:02:00","date_gmt":"2024-01-17T11:02:00","guid":{"rendered":"https:\/\/test.rpet-direct.nl\/index.php\/about\/"},"modified":"2024-06-04T06:44:55","modified_gmt":"2024-06-04T06:44:55","slug":"about","status":"publish","type":"page","link":"https:\/\/www.rpet-direct.nl\/de\/about\/","title":{"rendered":"\u00dcber uns"},"content":{"rendered":"<style>.kb-row-layout-id140_5bb9a3-b5 > .kt-row-column-wrap{align-content:start;}:where(.kb-row-layout-id140_5bb9a3-b5 > .kt-row-column-wrap) > .wp-block-kadence-column{justify-content:start;}.kb-row-layout-id140_5bb9a3-b5 > .kt-row-column-wrap{column-gap:var(--global-kb-gap-md, 2rem);row-gap:var(--global-kb-gap-md, 2rem);max-width:var( --global-content-width, 1290px );padding-left:var(--global-content-edge-padding);padding-right:var(--global-content-edge-padding);padding-top:0px;padding-bottom:var(--global-kb-spacing-lg, 3rem);grid-template-columns:minmax(0, 1fr);}.kb-row-layout-id140_5bb9a3-b5 > .kt-row-layout-overlay{opacity:0.30;}@media all and (max-width: 1024px){.kb-row-layout-id140_5bb9a3-b5 > .kt-row-column-wrap{grid-template-columns:minmax(0, 1fr);}}@media all and (max-width: 767px){.kb-row-layout-id140_5bb9a3-b5 > .kt-row-column-wrap{grid-template-columns:minmax(0, 1fr);}}<\/style><div class=\"kb-row-layout-wrap kb-row-layout-id140_5bb9a3-b5 alignfull wp-block-kadence-rowlayout\"><div class=\"kt-row-column-wrap kt-has-1-columns kt-row-layout-equal kt-tab-layout-inherit kt-mobile-layout-row kt-row-valign-top kb-theme-content-width\">\n<style>.kadence-column140_e19f78-1e > .kt-inside-inner-col,.kadence-column140_e19f78-1e > .kt-inside-inner-col:before{border-top-left-radius:0px;border-top-right-radius:0px;border-bottom-right-radius:0px;border-bottom-left-radius:0px;}.kadence-column140_e19f78-1e > .kt-inside-inner-col{column-gap:var(--global-kb-gap-sm, 1rem);}.kadence-column140_e19f78-1e > .kt-inside-inner-col{flex-direction:column;}.kadence-column140_e19f78-1e > .kt-inside-inner-col > .aligncenter{width:100%;}.kadence-column140_e19f78-1e > .kt-inside-inner-col:before{opacity:0.3;}.kadence-column140_e19f78-1e{position:relative;}@media all and (max-width: 1024px){.kadence-column140_e19f78-1e > .kt-inside-inner-col{flex-direction:column;justify-content:center;}}@media all and (max-width: 767px){.kadence-column140_e19f78-1e > .kt-inside-inner-col{flex-direction:column;justify-content:center;}}<\/style>\n<div class=\"wp-block-kadence-column kadence-column140_e19f78-1e\"><div class=\"kt-inside-inner-col\"><style>.wp-block-kadence-spacer.kt-block-spacer-140_be6a52-1e .kt-block-spacer{height:40px;}.wp-block-kadence-spacer.kt-block-spacer-140_be6a52-1e .kt-divider{border-top-width:1px;height:1px;border-top-color:var(--global-palette1, #3182CE);width:15%;border-top-style:solid;}<\/style>\n<div class=\"wp-block-kadence-spacer aligncenter kt-block-spacer-140_be6a52-1e\"><div class=\"kt-block-spacer kt-block-spacer-halign-center\"><hr class=\"kt-divider\"\/><\/div><\/div>\n\n\n<style>.wp-block-kadence-advancedheading.kt-adv-heading140_a08200-b9, .wp-block-kadence-advancedheading.kt-adv-heading140_a08200-b9[data-kb-block=\"kb-adv-heading140_a08200-b9\"]{padding-top:0px;margin-top:0px;text-align:center;font-size:var(--global-kb-font-size-lg, 2rem);line-height:1.1;font-style:normal;}.wp-block-kadence-advancedheading.kt-adv-heading140_a08200-b9 mark.kt-highlight, .wp-block-kadence-advancedheading.kt-adv-heading140_a08200-b9[data-kb-block=\"kb-adv-heading140_a08200-b9\"] mark.kt-highlight{font-style:normal;color:#f76a0c;-webkit-box-decoration-break:clone;box-decoration-break:clone;padding-top:0px;padding-right:0px;padding-bottom:0px;padding-left:0px;}.wp-block-kadence-advancedheading.kt-adv-heading140_a08200-b9 img.kb-inline-image, .wp-block-kadence-advancedheading.kt-adv-heading140_a08200-b9[data-kb-block=\"kb-adv-heading140_a08200-b9\"] img.kb-inline-image{width:150px;vertical-align:baseline;}@media all and (max-width: 1024px){.wp-block-kadence-advancedheading.kt-adv-heading140_a08200-b9, .wp-block-kadence-advancedheading.kt-adv-heading140_a08200-b9[data-kb-block=\"kb-adv-heading140_a08200-b9\"]{font-size:60px;}}@media all and (max-width: 767px){.wp-block-kadence-advancedheading.kt-adv-heading140_a08200-b9, .wp-block-kadence-advancedheading.kt-adv-heading140_a08200-b9[data-kb-block=\"kb-adv-heading140_a08200-b9\"]{font-size:40px;}}<\/style>\n<h1 class=\"kt-adv-heading140_a08200-b9 wp-block-kadence-advancedheading\" data-kb-block=\"kb-adv-heading140_a08200-b9\">\u00dcber uns<\/h1>\n<\/div><\/div>\n\n<\/div><\/div>\n\n<style>.kb-row-layout-id140_6fcc7c-d6 > .kt-row-column-wrap{align-content:start;}:where(.kb-row-layout-id140_6fcc7c-d6 > .kt-row-column-wrap) > .wp-block-kadence-column{justify-content:start;}.kb-row-layout-id140_6fcc7c-d6 > .kt-row-column-wrap{column-gap:var(--global-kb-gap-md, 2rem);row-gap:var(--global-kb-gap-md, 2rem);max-width:var( --global-content-width, 1290px );padding-left:var(--global-content-edge-padding);padding-right:var(--global-content-edge-padding);padding-top:var(--global-kb-spacing-sm, 1.5rem);padding-bottom:var(--global-kb-spacing-sm, 1.5rem);grid-template-columns:repeat(2, minmax(0, 1fr));}.kb-row-layout-id140_6fcc7c-d6 > .kt-row-layout-overlay{opacity:0.30;}@media all and (max-width: 1024px){.kb-row-layout-id140_6fcc7c-d6 > .kt-row-column-wrap{grid-template-columns:repeat(2, minmax(0, 1fr));}}@media all and (max-width: 767px){.kb-row-layout-id140_6fcc7c-d6 > .kt-row-column-wrap{grid-template-columns:minmax(0, 1fr);}}<\/style><div class=\"kb-row-layout-wrap kb-row-layout-id140_6fcc7c-d6 alignnone wp-block-kadence-rowlayout\"><div class=\"kt-row-column-wrap kt-has-2-columns kt-row-layout-equal kt-tab-layout-inherit kt-mobile-layout-row kt-row-valign-top kb-theme-content-width\">\n<style>.kadence-column140_01c8a7-ed > .kt-inside-inner-col,.kadence-column140_01c8a7-ed > .kt-inside-inner-col:before{border-top-left-radius:0px;border-top-right-radius:0px;border-bottom-right-radius:0px;border-bottom-left-radius:0px;}.kadence-column140_01c8a7-ed > .kt-inside-inner-col{column-gap:var(--global-kb-gap-sm, 1rem);}.kadence-column140_01c8a7-ed > .kt-inside-inner-col{flex-direction:column;}.kadence-column140_01c8a7-ed > .kt-inside-inner-col > .aligncenter{width:100%;}.kadence-column140_01c8a7-ed > .kt-inside-inner-col:before{opacity:0.3;}.kadence-column140_01c8a7-ed{position:relative;}@media all and (max-width: 1024px){.kadence-column140_01c8a7-ed > .kt-inside-inner-col{flex-direction:column;justify-content:center;}}@media all and (max-width: 767px){.kadence-column140_01c8a7-ed > .kt-inside-inner-col{flex-direction:column;justify-content:center;}}<\/style>\n<div class=\"wp-block-kadence-column kadence-column140_01c8a7-ed\"><div class=\"kt-inside-inner-col\">\n<p class=\"has--font-size\">Seit vielen Jahren haben wir Erfahrung in der Entwicklung und Produktion von PET-Flaschen und -Kanistern auf Basis recycelter PET-Materialien.<\/p>\n\n\n\n<p>Wir k\u00f6nnen Standard-PET-Flaschen, PET-Kanister herstellen oder Ihr eigenes PET-Verpackungsdesign entwerfen und produzieren. <\/p>\n\n\n\n<p>In unserem Produktionsprozess k\u00f6nnen wir direkt aus rPET-Flakes produzieren (einstufige Technologie) oder auf einer Preform-Basis arbeiten (zweistufige Technologie). In unserem rPET-Flakes-Sortiment haben wir verschiedene Qualit\u00e4ten f\u00fcr Food- und Non-Food-Verpackungen.<\/p>\n<\/div><\/div>\n\n\n<style>.kadence-column140_17736b-48 > .kt-inside-inner-col,.kadence-column140_17736b-48 > .kt-inside-inner-col:before{border-top-left-radius:0px;border-top-right-radius:0px;border-bottom-right-radius:0px;border-bottom-left-radius:0px;}.kadence-column140_17736b-48 > .kt-inside-inner-col{column-gap:var(--global-kb-gap-sm, 1rem);}.kadence-column140_17736b-48 > .kt-inside-inner-col{flex-direction:column;}.kadence-column140_17736b-48 > .kt-inside-inner-col > .aligncenter{width:100%;}.kadence-column140_17736b-48 > .kt-inside-inner-col:before{opacity:0.3;}.kadence-column140_17736b-48{position:relative;}@media all and (max-width: 1024px){.kadence-column140_17736b-48 > .kt-inside-inner-col{flex-direction:column;justify-content:center;}}@media all and (max-width: 767px){.kadence-column140_17736b-48 > .kt-inside-inner-col{flex-direction:column;justify-content:center;}}<\/style>\n<div class=\"wp-block-kadence-column kadence-column140_17736b-48\"><div class=\"kt-inside-inner-col\"><style>.kb-image140_461601-bd .kb-image-has-overlay:after{opacity:0.3;}<\/style>\n<figure class=\"wp-block-kadence-image kb-image140_461601-bd size-full\"><img loading=\"lazy\" decoding=\"async\" width=\"1024\" height=\"768\" src=\"https:\/\/www.rpet-direct.nl\/wp-content\/uploads\/2024\/02\/NR6-Pet-Jerrycan-en-Vaten.jpg\" alt=\"\" class=\"kb-img wp-image-420\" srcset=\"https:\/\/www.rpet-direct.nl\/wp-content\/uploads\/2024\/02\/NR6-Pet-Jerrycan-en-Vaten.jpg 1024w, https:\/\/www.rpet-direct.nl\/wp-content\/uploads\/2024\/02\/NR6-Pet-Jerrycan-en-Vaten-300x225.jpg 300w, https:\/\/www.rpet-direct.nl\/wp-content\/uploads\/2024\/02\/NR6-Pet-Jerrycan-en-Vaten-768x576.jpg 768w\" sizes=\"auto, (max-width: 1024px) 100vw, 1024px\" \/><\/figure>\n<\/div><\/div>\n\n<\/div><\/div>\n\n<style>.kb-row-layout-id140_c21372-e1 > .kt-row-column-wrap{align-content:start;}:where(.kb-row-layout-id140_c21372-e1 > .kt-row-column-wrap) > .wp-block-kadence-column{justify-content:start;}.kb-row-layout-id140_c21372-e1 > .kt-row-column-wrap{column-gap:var(--global-kb-gap-md, 2rem);row-gap:var(--global-kb-gap-md, 2rem);max-width:var( --global-content-width, 1290px );padding-left:var(--global-content-edge-padding);padding-right:var(--global-content-edge-padding);padding-top:var(--global-kb-spacing-sm, 1.5rem);padding-bottom:var(--global-kb-spacing-sm, 1.5rem);grid-template-columns:repeat(2, minmax(0, 1fr));}.kb-row-layout-id140_c21372-e1 > .kt-row-layout-overlay{opacity:0.30;}@media all and (max-width: 1024px){.kb-row-layout-id140_c21372-e1 > .kt-row-column-wrap{grid-template-columns:repeat(2, minmax(0, 1fr));}}@media all and (max-width: 767px){.kb-row-layout-id140_c21372-e1 > .kt-row-column-wrap{grid-template-columns:minmax(0, 1fr);}}<\/style><div class=\"kb-row-layout-wrap kb-row-layout-id140_c21372-e1 alignnone wp-block-kadence-rowlayout\"><div class=\"kt-row-column-wrap kt-has-2-columns kt-row-layout-equal kt-tab-layout-inherit kt-mobile-layout-row kt-row-valign-top kb-theme-content-width\">\n<style>.kadence-column140_2e0cbb-aa > .kt-inside-inner-col,.kadence-column140_2e0cbb-aa > .kt-inside-inner-col:before{border-top-left-radius:0px;border-top-right-radius:0px;border-bottom-right-radius:0px;border-bottom-left-radius:0px;}.kadence-column140_2e0cbb-aa > .kt-inside-inner-col{column-gap:var(--global-kb-gap-sm, 1rem);}.kadence-column140_2e0cbb-aa > .kt-inside-inner-col{flex-direction:column;}.kadence-column140_2e0cbb-aa > .kt-inside-inner-col > .aligncenter{width:100%;}.kadence-column140_2e0cbb-aa > .kt-inside-inner-col:before{opacity:0.3;}.kadence-column140_2e0cbb-aa{position:relative;}@media all and (max-width: 1024px){.kadence-column140_2e0cbb-aa > .kt-inside-inner-col{flex-direction:column;justify-content:center;}}@media all and (max-width: 767px){.kadence-column140_2e0cbb-aa > .kt-inside-inner-col{flex-direction:column;justify-content:center;}}<\/style>\n<div class=\"wp-block-kadence-column kadence-column140_2e0cbb-aa\"><div class=\"kt-inside-inner-col\"><style>.kb-image140_69dfc1-ee .kb-image-has-overlay:after{opacity:0.3;}<\/style>\n<figure class=\"wp-block-kadence-image kb-image140_69dfc1-ee\"><img loading=\"lazy\" decoding=\"async\" width=\"683\" height=\"1024\" src=\"https:\/\/www.rpet-direct.nl\/wp-content\/uploads\/2024\/02\/NR7-Pet-Sapflessen.jpg\" alt=\"\" class=\"kb-img wp-image-421\" srcset=\"https:\/\/www.rpet-direct.nl\/wp-content\/uploads\/2024\/02\/NR7-Pet-Sapflessen.jpg 683w, https:\/\/www.rpet-direct.nl\/wp-content\/uploads\/2024\/02\/NR7-Pet-Sapflessen-200x300.jpg 200w\" sizes=\"auto, (max-width: 683px) 100vw, 683px\" \/><\/figure>\n<\/div><\/div>\n\n\n<style>.kadence-column140_51a0b1-76 > .kt-inside-inner-col,.kadence-column140_51a0b1-76 > .kt-inside-inner-col:before{border-top-left-radius:0px;border-top-right-radius:0px;border-bottom-right-radius:0px;border-bottom-left-radius:0px;}.kadence-column140_51a0b1-76 > .kt-inside-inner-col{column-gap:var(--global-kb-gap-sm, 1rem);}.kadence-column140_51a0b1-76 > .kt-inside-inner-col{flex-direction:column;}.kadence-column140_51a0b1-76 > .kt-inside-inner-col > .aligncenter{width:100%;}.kadence-column140_51a0b1-76 > .kt-inside-inner-col:before{opacity:0.3;}.kadence-column140_51a0b1-76{position:relative;}@media all and (max-width: 1024px){.kadence-column140_51a0b1-76 > .kt-inside-inner-col{flex-direction:column;justify-content:center;}}@media all and (max-width: 767px){.kadence-column140_51a0b1-76 > .kt-inside-inner-col{flex-direction:column;justify-content:center;}}<\/style>\n<div class=\"wp-block-kadence-column kadence-column140_51a0b1-76\"><div class=\"kt-inside-inner-col\">\n<p>Mit unserer patentierten Maschinentechnologie k\u00f6nnen wir rPET-Verpackungen von 5 ml bis 1000 Liter herstellen.<\/p>\n\n\n\n<p>Wir k\u00f6nnen anbieten:<\/p>\n\n\n\n<ul class=\"wp-block-list\">\n<li>Auf Trays verpackte rPET-Flaschen, Kanister f\u00fcr die Abf\u00fcllindustrie<\/li>\n\n\n\n<li>Verschlossene rPET-Flaschen, verpackt in Kartons<\/li>\n\n\n\n<li>Beschriftete rPET-Flaschen in Kartons verpackt<\/li>\n<\/ul>\n\n\n\n<p>Einige unserer Mehrwerte:<\/p>\n\n\n\n<ul class=\"wp-block-list\">\n<li>direkt aus recycelten PET-Flocken in neue rPET-Flaschen<\/li>\n\n\n\n<li>Erfahrung in der Herstellung von recycelten PET-basierten Verpackungen<\/li>\n\n\n\n<li>Eigenes schnelles Flaschendesign<\/li>\n\n\n\n<li>in 2 Wochen 3D-Flaschenmusterdruck<\/li>\n\n\n\n<li>Eigener Formenbau<\/li>\n\n\n\n<li>Wir erstellen eine Recycling-PET-Rezeptur basierend auf Ihren Verpackungsanforderungen<\/li>\n\n\n\n<li>Wir verf\u00fcgen \u00fcber eine eigene Recyclinganlage f\u00fcr rPET<\/li>\n\n\n\n<li>garantierte Verf\u00fcgbarkeit von recyceltem PET<\/li>\n\n\n\n<li>langfristige Festpreism\u00f6glichkeit<\/li>\n\n\n\n<li>professionelles Vertriebs- und Produktionsteam<\/li>\n<\/ul>\n\n\n<style>.kb-image140_38c60e-4d.kb-image-is-ratio-size, .kb-image140_38c60e-4d .kb-image-is-ratio-size{max-width:342px;width:100%;}.wp-block-kadence-column > .kt-inside-inner-col > .kb-image140_38c60e-4d.kb-image-is-ratio-size, .wp-block-kadence-column > .kt-inside-inner-col > .kb-image140_38c60e-4d .kb-image-is-ratio-size{align-self:unset;}.kb-image140_38c60e-4d figure{max-width:342px;}.kb-image140_38c60e-4d .image-is-svg, .kb-image140_38c60e-4d .image-is-svg img{width:100%;}.kb-image140_38c60e-4d .kb-image-has-overlay:after{opacity:0.3;}<\/style>\n<div class=\"wp-block-kadence-image kb-image140_38c60e-4d\"><figure class=\"aligncenter size-full\"><img loading=\"lazy\" decoding=\"async\" width=\"1024\" height=\"768\" src=\"https:\/\/www.rpet-direct.nl\/wp-content\/uploads\/2024\/02\/NR12-Verpakt-op-Tray.jpg\" alt=\"\" class=\"kb-img wp-image-426\" srcset=\"https:\/\/www.rpet-direct.nl\/wp-content\/uploads\/2024\/02\/NR12-Verpakt-op-Tray.jpg 1024w, https:\/\/www.rpet-direct.nl\/wp-content\/uploads\/2024\/02\/NR12-Verpakt-op-Tray-300x225.jpg 300w, https:\/\/www.rpet-direct.nl\/wp-content\/uploads\/2024\/02\/NR12-Verpakt-op-Tray-768x576.jpg 768w\" sizes=\"auto, (max-width: 1024px) 100vw, 1024px\" \/><\/figure><\/div>\n<\/div><\/div>\n\n<\/div><\/div>","protected":false},"excerpt":{"rendered":"<p>About us Since many years we have experience with the development and production of PET bottles, jars and jerrycans based on recycled PET materials. We can produce standard PET bottles, PET jerrycans and PET jars, or we can design and produce your own PET packaging design. In our production process we can produce directly from&#8230;<\/p>","protected":false},"author":1,"featured_media":0,"parent":0,"menu_order":0,"comment_status":"closed","ping_status":"closed","template":"","meta":{"_kad_blocks_custom_css":"","_kad_blocks_head_custom_js":"","_kad_blocks_body_custom_js":"","_kad_blocks_footer_custom_js":"","_kadence_starter_templates_imported_post":true,"_kad_post_transparent":"","_kad_post_title":"hide","_kad_post_layout":"fullwidth","_kad_post_sidebar_id":"","_kad_post_content_style":"unboxed","_kad_post_vertical_padding":"hide","_kad_post_feature":"hide","_kad_post_feature_position":"","_kad_post_header":false,"_kad_post_footer":false,"_kad_post_classname":"","footnotes":""},"class_list":["post-140","page","type-page","status-publish","hentry"],"taxonomy_info":[],"featured_image_src_large":false,"author_info":{"display_name":"admin","author_link":"https:\/\/www.rpet-direct.nl\/de\/author\/rpetdirect\/"},"comment_info":0,"_links":{"self":[{"href":"https:\/\/www.rpet-direct.nl\/de\/wp-json\/wp\/v2\/pages\/140","targetHints":{"allow":["GET"]}}],"collection":[{"href":"https:\/\/www.rpet-direct.nl\/de\/wp-json\/wp\/v2\/pages"}],"about":[{"href":"https:\/\/www.rpet-direct.nl\/de\/wp-json\/wp\/v2\/types\/page"}],"author":[{"embeddable":true,"href":"https:\/\/www.rpet-direct.nl\/de\/wp-json\/wp\/v2\/users\/1"}],"replies":[{"embeddable":true,"href":"https:\/\/www.rpet-direct.nl\/de\/wp-json\/wp\/v2\/comments?post=140"}],"version-history":[{"count":56,"href":"https:\/\/www.rpet-direct.nl\/de\/wp-json\/wp\/v2\/pages\/140\/revisions"}],"predecessor-version":[{"id":669,"href":"https:\/\/www.rpet-direct.nl\/de\/wp-json\/wp\/v2\/pages\/140\/revisions\/669"}],"wp:attachment":[{"href":"https:\/\/www.rpet-direct.nl\/de\/wp-json\/wp\/v2\/media?parent=140"}],"curies":[{"name":"wp","href":"https:\/\/api.w.org\/{rel}","templated":true}]}}